{"id":138,"date":"2023-04-11T18:01:19","date_gmt":"2023-04-11T18:01:19","guid":{"rendered":"https:\/\/ambouagadougou.esteri.it\/chi-siamo\/gli-uffici\/"},"modified":"2026-01-12T09:37:16","modified_gmt":"2026-01-12T09:37:16","slug":"gli-uffici","status":"publish","type":"page","link":"https:\/\/ambouagadougou.esteri.it\/fr\/chi-siamo\/gli-uffici\/","title":{"rendered":"Les bureaux"},"content":{"rendered":"<div class=\"entry-content\">\n<p><strong>Chef de Mission<\/strong><br \/>\nAmbassadeur<\/p>\n<p>Gabriele Di Muzio<\/p>\n<p><a href=\"mailto:amb.ouagadougou@esteri.it\">amb.ouagadougou@esteri.it<\/a><\/p>\n<p>&nbsp;<\/p>\n<p>Chanceli\u00e8re Comptable<\/p>\n<p>Charg\u00e9 d&rsquo;Affaires a.i<\/p>\n<\/div>\n<p>Mme Maura Sermoneta<\/p>\n<p>&nbsp;<\/p>\n<div class=\"entry-content\">\n<p><strong>Burrau de l&rsquo;Attach\u00e9 Militaire<\/strong><\/p>\n<p>Attach\u00e9 Militaire<\/p>\n<p>Col. Giuseppe Sportelli<\/p>\n<p><a href=\"mailto:difeitalia.ouagadougou@smd.difesa.it\">difeitalia.ouagadougou@smd.difesa.it<\/a><\/p>\n<\/div>\n","protected":false},"excerpt":{"rendered":"Chef de Mission Ambassadeur Gabriele Di Muzio amb.ouagadougou@esteri.it &nbsp; Chanceli\u00e8re Comptable Charg\u00e9 d&rsquo;Affaires a.i Mme Maura Sermoneta &nbsp; Burrau de l&rsquo;Attach\u00e9 Militaire Attach\u00e9 Militaire Col. Giuseppe Sportelli difeitalia.ouagadougou@smd.difesa.it","protected":false},"author":1,"featured_media":0,"parent":134,"menu_order":4,"comment_status":"closed","ping_status":"closed","template":"","meta":{"footnotes":""},"class_list":["post-138","page","type-page","status-publish","hentry"],"_links":{"self":[{"href":"https:\/\/ambouagadougou.esteri.it\/fr\/wp-json\/wp\/v2\/pages\/138","targetHints":{"allow":["GET"]}}],"collection":[{"href":"https:\/\/ambouagadougou.esteri.it\/fr\/wp-json\/wp\/v2\/pages"}],"about":[{"href":"https:\/\/ambouagadougou.esteri.it\/fr\/wp-json\/wp\/v2\/types\/page"}],"author":[{"embeddable":true,"href":"https:\/\/ambouagadougou.esteri.it\/fr\/wp-json\/wp\/v2\/users\/1"}],"replies":[{"embeddable":true,"href":"https:\/\/ambouagadougou.esteri.it\/fr\/wp-json\/wp\/v2\/comments?post=138"}],"version-history":[{"count":7,"href":"https:\/\/ambouagadougou.esteri.it\/fr\/wp-json\/wp\/v2\/pages\/138\/revisions"}],"predecessor-version":[{"id":1219,"href":"https:\/\/ambouagadougou.esteri.it\/fr\/wp-json\/wp\/v2\/pages\/138\/revisions\/1219"}],"up":[{"embeddable":true,"href":"https:\/\/ambouagadougou.esteri.it\/fr\/wp-json\/wp\/v2\/pages\/134"}],"wp:attachment":[{"href":"https:\/\/ambouagadougou.esteri.it\/fr\/wp-json\/wp\/v2\/media?parent=138"}],"curies":[{"name":"wp","href":"https:\/\/api.w.org\/{rel}","templated":true}]}}