{"id":140,"date":"2023-04-11T18:08:31","date_gmt":"2023-04-11T18:08:31","guid":{"rendered":"https:\/\/ambouagadougou.esteri.it\/chi-siamo\/la-rete-consolare\/"},"modified":"2025-07-23T14:51:13","modified_gmt":"2025-07-23T14:51:13","slug":"la-rete-consolare","status":"publish","type":"page","link":"https:\/\/ambouagadougou.esteri.it\/fr\/chi-siamo\/la-rete-consolare\/","title":{"rendered":"Le r\u00e9seau consulaire"},"content":{"rendered":"<p><strong>CHANCELLERIE CONSULAIRE \/ BUREAU VISAS<\/strong><\/p>\n<p><strong><span style=\"text-decoration: underline;\">L&rsquo;Ambassade d&rsquo;Italie \u00e0 Ouagadougou ne dispose pas de la chancellerie consulaire\/bureau visas<\/span>. <\/strong><\/p>\n<p>&nbsp;<\/p>\n<p><strong>Les dites fonctions\u00a0 sont assur\u00e9es par l&rsquo;Ambassade d&rsquo;Italie \u00e0 Abidjan,<\/strong><\/p>\n<p><strong>qui se pr\u00e9vaut d&rsquo;un Consulat Honoraire \u00e0 Ouagadougou.<\/strong><\/p>\n<p>&nbsp;<\/p>\n<p>AMBASSADE D\u2019ITALIE A ABIDJAN<\/p>\n<p>Tel. 00225 27 22 44 61 70\u00a0 (standard)<\/p>\n<p><a href=\"mailto:ambasciata.abidjan@esteri.it\">ambasciata.abidjan@esteri.it<\/a><\/p>\n<p>&nbsp;<\/p>\n<p>CONSULAT\u00a0 HONORAIRE A OUAGADOUGOU<\/p>\n<p>01 BP 4436 Ouagadougou 01 Burkina Faso<\/p>\n<p>T\u00e9l: 25 37 66 95<\/p>\n<p><a href=\"mailto:consulat.italie@fasonet.bf\">consulat.italie@fasonet.bf<\/a><\/p>\n<p>&nbsp;<\/p>\n","protected":false},"excerpt":{"rendered":"CHANCELLERIE CONSULAIRE \/ BUREAU VISAS L&rsquo;Ambassade d&rsquo;Italie \u00e0 Ouagadougou ne dispose pas de la chancellerie consulaire\/bureau visas. &nbsp; Les dites fonctions\u00a0 sont assur\u00e9es par l&rsquo;Ambassade d&rsquo;Italie \u00e0 Abidjan, qui se pr\u00e9vaut d&rsquo;un Consulat Honoraire \u00e0 Ouagadougou. &nbsp; AMBASSADE D\u2019ITALIE A ABIDJAN Tel. 00225 27 22 44 61 70\u00a0 (standard) ambasciata.abidjan@esteri.it &nbsp; CONSULAT\u00a0 HONORAIRE A OUAGADOUGOU [&hellip;]","protected":false},"author":1,"featured_media":0,"parent":134,"menu_order":8,"comment_status":"closed","ping_status":"closed","template":"","meta":{"footnotes":""},"class_list":["post-140","page","type-page","status-publish","hentry"],"_links":{"self":[{"href":"https:\/\/ambouagadougou.esteri.it\/fr\/wp-json\/wp\/v2\/pages\/140","targetHints":{"allow":["GET"]}}],"collection":[{"href":"https:\/\/ambouagadougou.esteri.it\/fr\/wp-json\/wp\/v2\/pages"}],"about":[{"href":"https:\/\/ambouagadougou.esteri.it\/fr\/wp-json\/wp\/v2\/types\/page"}],"author":[{"embeddable":true,"href":"https:\/\/ambouagadougou.esteri.it\/fr\/wp-json\/wp\/v2\/users\/1"}],"replies":[{"embeddable":true,"href":"https:\/\/ambouagadougou.esteri.it\/fr\/wp-json\/wp\/v2\/comments?post=140"}],"version-history":[{"count":5,"href":"https:\/\/ambouagadougou.esteri.it\/fr\/wp-json\/wp\/v2\/pages\/140\/revisions"}],"predecessor-version":[{"id":1088,"href":"https:\/\/ambouagadougou.esteri.it\/fr\/wp-json\/wp\/v2\/pages\/140\/revisions\/1088"}],"up":[{"embeddable":true,"href":"https:\/\/ambouagadougou.esteri.it\/fr\/wp-json\/wp\/v2\/pages\/134"}],"wp:attachment":[{"href":"https:\/\/ambouagadougou.esteri.it\/fr\/wp-json\/wp\/v2\/media?parent=140"}],"curies":[{"name":"wp","href":"https:\/\/api.w.org\/{rel}","templated":true}]}}