{"id":142,"date":"2023-04-11T18:10:30","date_gmt":"2023-04-11T18:10:30","guid":{"rendered":"https:\/\/ambouagadougou.esteri.it\/italia-e-repubblica-ceca\/diplomazia-economica\/"},"modified":"2024-02-13T12:50:42","modified_gmt":"2024-02-13T12:50:42","slug":"diplomazia-economica","status":"publish","type":"page","link":"https:\/\/ambouagadougou.esteri.it\/fr\/italia-e-burkina-faso\/diplomazia-economica\/","title":{"rendered":"Diplomatie \u00e9conomique"},"content":{"rendered":"<p style=\"text-align: justify;\">Notre pays entretient des liens \u00e9troits avec le Burkina Faso. La pr\u00e9sence italienne est ancienne et repose principalement sur la coop\u00e9ration au d\u00e9veloppement, mais l&rsquo;Italie et les Italiens jouissent \u00e9galement d&rsquo;une excellente image au Burkina Faso sur le plan commercial.<\/p>\n<p style=\"text-align: justify;\">L&rsquo;Italie exporte vers le Burkina Faso des produits pharmaceutiques, des machines-outils, des composants \u00e9lectroniques et des v\u00eatements, tandis qu&rsquo;elle importe presque exclusivement (95 % du total) des min\u00e9raux pr\u00e9cieux et d&rsquo;autres m\u00e9taux. Ces derni\u00e8res ann\u00e9es, les \u00e9changes commerciaux ont constamment enregistr\u00e9 un solde positif en notre faveur.<\/p>\n<p style=\"text-align: justify;\">En ce qui concerne la pr\u00e9sence des entreprises italiennes, leurs principaux secteurs d&rsquo;activit\u00e9 sont : le commerce, le transport et la logistique, la restauration, l&rsquo;assistance technique.<\/p>\n<p style=\"text-align: justify;\">L&rsquo;objectif de l&rsquo;Ambassade est d&rsquo;intensifier la promotion commerciale, d&rsquo;accro\u00eetre la pr\u00e9sence des op\u00e9rateurs italiens, de favoriser les \u00e9changes et d&rsquo;assister les entreprises italiennes qui s&rsquo;int\u00e9ressent au potentiel offert par le march\u00e9 burkinab\u00e9. Cette activit\u00e9 est \u00e9galement men\u00e9e avec le soutien du bureau de l&rsquo;ICE (Institut pour le Commerce Ext\u00e9rieur) \u00e9tabli aupr\u00e8s de l&rsquo;Ambassade (mais d\u00e9pendant de l&rsquo;Agence ICE d&rsquo;Accra). https:\/\/www.ice.it\/it\/mercati\/ghana\/accra#<\/p>\n","protected":false},"excerpt":{"rendered":"Notre pays entretient des liens \u00e9troits avec le Burkina Faso. La pr\u00e9sence italienne est ancienne et repose principalement sur la coop\u00e9ration au d\u00e9veloppement, mais l&rsquo;Italie et les Italiens jouissent \u00e9galement d&rsquo;une excellente image au Burkina Faso sur le plan commercial. L&rsquo;Italie exporte vers le Burkina Faso des produits pharmaceutiques, des machines-outils, des composants \u00e9lectroniques et [&hellip;]","protected":false},"author":1,"featured_media":0,"parent":141,"menu_order":0,"comment_status":"closed","ping_status":"closed","template":"","meta":{"footnotes":""},"class_list":["post-142","page","type-page","status-publish","hentry"],"_links":{"self":[{"href":"https:\/\/ambouagadougou.esteri.it\/fr\/wp-json\/wp\/v2\/pages\/142","targetHints":{"allow":["GET"]}}],"collection":[{"href":"https:\/\/ambouagadougou.esteri.it\/fr\/wp-json\/wp\/v2\/pages"}],"about":[{"href":"https:\/\/ambouagadougou.esteri.it\/fr\/wp-json\/wp\/v2\/types\/page"}],"author":[{"embeddable":true,"href":"https:\/\/ambouagadougou.esteri.it\/fr\/wp-json\/wp\/v2\/users\/1"}],"replies":[{"embeddable":true,"href":"https:\/\/ambouagadougou.esteri.it\/fr\/wp-json\/wp\/v2\/comments?post=142"}],"version-history":[{"count":3,"href":"https:\/\/ambouagadougou.esteri.it\/fr\/wp-json\/wp\/v2\/pages\/142\/revisions"}],"predecessor-version":[{"id":561,"href":"https:\/\/ambouagadougou.esteri.it\/fr\/wp-json\/wp\/v2\/pages\/142\/revisions\/561"}],"up":[{"embeddable":true,"href":"https:\/\/ambouagadougou.esteri.it\/fr\/wp-json\/wp\/v2\/pages\/141"}],"wp:attachment":[{"href":"https:\/\/ambouagadougou.esteri.it\/fr\/wp-json\/wp\/v2\/media?parent=142"}],"curies":[{"name":"wp","href":"https:\/\/api.w.org\/{rel}","templated":true}]}}