{"id":152,"date":"2023-04-11T18:24:01","date_gmt":"2023-04-11T18:24:01","guid":{"rendered":"https:\/\/ambouagadougou.esteri.it\/italia-e-repubblica-ceca\/diplomazia-economica\/fare-affari-in-italia\/"},"modified":"2025-07-23T14:13:17","modified_gmt":"2025-07-23T14:13:17","slug":"fare-affari-in-italia","status":"publish","type":"page","link":"https:\/\/ambouagadougou.esteri.it\/fr\/italia-e-burkina-faso\/diplomazia-economica\/fare-affari-in-italia\/","title":{"rendered":"Faire des affaires en Italie"},"content":{"rendered":"<p>L&rsquo;Italie est le sixi\u00e8me pays de la zone OCDE et le quatri\u00e8me en Europe en termes de produit int\u00e9rieur brut. La production italienne repr\u00e9sente plus de 13 % du PIB de l&rsquo;Union europ\u00e9enne.<\/p>\n<p>En raison des caract\u00e9ristiques de sa structure productive, la composition italienne par secteur d&rsquo;activit\u00e9 \u00e9conomique est similaire \u00e0 celle des principaux pays europ\u00e9ens, avec 27,7 % de la production dans le secteur manufacturier et de la construction et pr\u00e8s de 70 % dans celui des services. Au sein de ce dernier secteur, le commerce, les transports et les communications absorbent une part du PIB plus \u00e9lev\u00e9e que la moyenne des pays europ\u00e9ens.<br \/>\nSitu\u00e9e au c\u0153ur de la M\u00e9diterran\u00e9e, l&rsquo;Italie repr\u00e9sente un carrefour crucial pour les liaisons routi\u00e8res, maritimes et a\u00e9riennes entre le nord et le sud de l&rsquo;Europe.<br \/>\nLe march\u00e9 italien offre d&rsquo;innombrables opportunit\u00e9s aux entreprises en expansion, avec pr\u00e8s de 60 millions de consommateurs et un PIB qui se classe au quatri\u00e8me rang en Italie.<br \/>\nGr\u00e2ce \u00e0 sa situation strat\u00e9gique, l&rsquo;Italie permet d&rsquo;atteindre facilement les 396 millions de consommateurs des autres \u00c9tats de l&rsquo;Union europ\u00e9enne et les 240 millions d&rsquo;Afrique du Nord et du Moyen-Orient.<br \/>\nElle a conquis une position de leader (11 % de la part du march\u00e9 europ\u00e9en), avec un chiffre d&rsquo;affaires d&rsquo;environ 65 milliards d&rsquo;euros.<\/p>\n<p>En Europe, l&rsquo;Italie occupe la premi\u00e8re place en tant que pays o\u00f9 le co\u00fbt d&rsquo;implantation est le plus bas pour le secteur des biotechnologies, et la deuxi\u00e8me place pour les tests de produits dans les activit\u00e9s de recherche et d\u00e9veloppement, en chimie et en \u00e9lectronique.<\/p>\n<p>&nbsp;<\/p>\n","protected":false},"excerpt":{"rendered":"L&rsquo;Italie est le sixi\u00e8me pays de la zone OCDE et le quatri\u00e8me en Europe en termes de produit int\u00e9rieur brut. La production italienne repr\u00e9sente plus de 13 % du PIB de l&rsquo;Union europ\u00e9enne. En raison des caract\u00e9ristiques de sa structure productive, la composition italienne par secteur d&rsquo;activit\u00e9 \u00e9conomique est similaire \u00e0 celle des principaux pays [&hellip;]","protected":false},"author":1,"featured_media":0,"parent":142,"menu_order":0,"comment_status":"closed","ping_status":"closed","template":"","meta":{"footnotes":""},"class_list":["post-152","page","type-page","status-publish","hentry"],"_links":{"self":[{"href":"https:\/\/ambouagadougou.esteri.it\/fr\/wp-json\/wp\/v2\/pages\/152","targetHints":{"allow":["GET"]}}],"collection":[{"href":"https:\/\/ambouagadougou.esteri.it\/fr\/wp-json\/wp\/v2\/pages"}],"about":[{"href":"https:\/\/ambouagadougou.esteri.it\/fr\/wp-json\/wp\/v2\/types\/page"}],"author":[{"embeddable":true,"href":"https:\/\/ambouagadougou.esteri.it\/fr\/wp-json\/wp\/v2\/users\/1"}],"replies":[{"embeddable":true,"href":"https:\/\/ambouagadougou.esteri.it\/fr\/wp-json\/wp\/v2\/comments?post=152"}],"version-history":[{"count":4,"href":"https:\/\/ambouagadougou.esteri.it\/fr\/wp-json\/wp\/v2\/pages\/152\/revisions"}],"predecessor-version":[{"id":1083,"href":"https:\/\/ambouagadougou.esteri.it\/fr\/wp-json\/wp\/v2\/pages\/152\/revisions\/1083"}],"up":[{"embeddable":true,"href":"https:\/\/ambouagadougou.esteri.it\/fr\/wp-json\/wp\/v2\/pages\/142"}],"wp:attachment":[{"href":"https:\/\/ambouagadougou.esteri.it\/fr\/wp-json\/wp\/v2\/media?parent=152"}],"curies":[{"name":"wp","href":"https:\/\/api.w.org\/{rel}","templated":true}]}}