{"id":155,"date":"2023-04-11T18:10:45","date_gmt":"2023-04-11T18:10:45","guid":{"rendered":"https:\/\/ambouagadougou.esteri.it\/italia-e-repubblica-ceca\/diplomazia-culturale\/"},"modified":"2024-02-13T13:02:58","modified_gmt":"2024-02-13T13:02:58","slug":"diplomazia-culturale","status":"publish","type":"page","link":"https:\/\/ambouagadougou.esteri.it\/fr\/italia-e-burkina-faso\/diplomazia-culturale\/","title":{"rendered":"Diplomatie culturelle"},"content":{"rendered":"<p style=\"text-align: justify;\">En l&rsquo;absence d&rsquo;un Institut culturel, toutes les activit\u00e9s institutionnelles visant \u00e0 la diffusion et \u00e0 la promotion de la langue et de la culture italiennes sont mises en \u0153uvre au Burkina Faso par l&rsquo;Ambassade et prennent la forme de concerts de musique, de festivals de cin\u00e9ma, de conf\u00e9rences, d&rsquo;expositions, d&rsquo;\u00e9v\u00e9nements gastronomiques, d&rsquo;initiatives sp\u00e9ciales d\u00e9di\u00e9es \u00e0 la c\u00e9l\u00e9bration d&rsquo;anniversaires particuliers (par exemple, les anniversaires de la naissance ou de la mort de grandes personnalit\u00e9s de la culture italienne), etc.<\/p>\n<p style=\"text-align: justify;\">Nombre de ces \u00e9v\u00e9nements s&rsquo;inscrivent dans le cadre du \u00ab\u00a0Programme Int\u00e9gr\u00e9 de Promotion Culturelle\u00a0\u00bb promu par le Minist\u00e8re des Affaires Etrang\u00e8res et de la Coop\u00e9ration Internationale, qui pr\u00e9voit un calendrier pr\u00e9cis, notamment les Semaines du cin\u00e9ma (en mai), de la langue italienne (en octobre), de la cuisine (en novembre), etc.<\/p>\n<p style=\"text-align: justify;\">Les activit\u00e9s culturelles et promotionnelles de l&rsquo;Ambassade s&rsquo;adressent \u00e0 un public large et h\u00e9t\u00e9rog\u00e8ne compos\u00e9 de citoyens burkinab\u00e9s, de fonctionnaires du gouvernement h\u00f4te, de diplomates de diff\u00e9rents pays, d&rsquo;\u00e9tudiants, de repr\u00e9sentants de la soci\u00e9t\u00e9 civile locale et de la communaut\u00e9 italienne r\u00e9sidant ici, et d&rsquo;admirateurs de l&rsquo;Italie et de sa culture.<\/p>\n<p style=\"text-align: justify;\">Ce site contient des informations actualis\u00e9es sur les diff\u00e9rentes initiatives d\u00e9j\u00e0 mises en \u0153uvre et \u00e0 venir.<\/p>\n","protected":false},"excerpt":{"rendered":"En l&rsquo;absence d&rsquo;un Institut culturel, toutes les activit\u00e9s institutionnelles visant \u00e0 la diffusion et \u00e0 la promotion de la langue et de la culture italiennes sont mises en \u0153uvre au Burkina Faso par l&rsquo;Ambassade et prennent la forme de concerts de musique, de festivals de cin\u00e9ma, de conf\u00e9rences, d&rsquo;expositions, d&rsquo;\u00e9v\u00e9nements gastronomiques, d&rsquo;initiatives sp\u00e9ciales d\u00e9di\u00e9es \u00e0 [&hellip;]","protected":false},"author":1,"featured_media":0,"parent":141,"menu_order":2,"comment_status":"closed","ping_status":"closed","template":"","meta":{"footnotes":""},"class_list":["post-155","page","type-page","status-publish","hentry"],"_links":{"self":[{"href":"https:\/\/ambouagadougou.esteri.it\/fr\/wp-json\/wp\/v2\/pages\/155","targetHints":{"allow":["GET"]}}],"collection":[{"href":"https:\/\/ambouagadougou.esteri.it\/fr\/wp-json\/wp\/v2\/pages"}],"about":[{"href":"https:\/\/ambouagadougou.esteri.it\/fr\/wp-json\/wp\/v2\/types\/page"}],"author":[{"embeddable":true,"href":"https:\/\/ambouagadougou.esteri.it\/fr\/wp-json\/wp\/v2\/users\/1"}],"replies":[{"embeddable":true,"href":"https:\/\/ambouagadougou.esteri.it\/fr\/wp-json\/wp\/v2\/comments?post=155"}],"version-history":[{"count":4,"href":"https:\/\/ambouagadougou.esteri.it\/fr\/wp-json\/wp\/v2\/pages\/155\/revisions"}],"predecessor-version":[{"id":564,"href":"https:\/\/ambouagadougou.esteri.it\/fr\/wp-json\/wp\/v2\/pages\/155\/revisions\/564"}],"up":[{"embeddable":true,"href":"https:\/\/ambouagadougou.esteri.it\/fr\/wp-json\/wp\/v2\/pages\/141"}],"wp:attachment":[{"href":"https:\/\/ambouagadougou.esteri.it\/fr\/wp-json\/wp\/v2\/media?parent=155"}],"curies":[{"name":"wp","href":"https:\/\/api.w.org\/{rel}","templated":true}]}}