{"id":156,"date":"2023-04-11T18:24:57","date_gmt":"2023-04-11T18:24:57","guid":{"rendered":"https:\/\/ambouagadougou.esteri.it\/italia-e-repubblica-ceca\/diplomazia-culturale\/lingua-e-cultura-italiana\/"},"modified":"2025-07-22T09:41:15","modified_gmt":"2025-07-22T09:41:15","slug":"lingua-e-cultura-italiana","status":"publish","type":"page","link":"https:\/\/ambouagadougou.esteri.it\/fr\/italia-e-burkina-faso\/diplomazia-culturale\/lingua-e-cultura-italiana\/","title":{"rendered":"Langue et culture italienne"},"content":{"rendered":"<div class=\"col-lg-8\">\n<article id=\"post-182\" class=\"post-182 page type-page status-publish hentry\">\n<header class=\"entry-header\">\n<h1 class=\"entry-title h3\"><\/h1>\n<\/header>\n<div class=\"entry-content\">\n<p><strong>\u2022 La Certification de l\u2019italien comme Langue Etrang\u00e8re (CILS):<\/strong><br \/>\nLes Certificats d\u2019italien sont des dipl\u00f4mes qui attestent du degr\u00e9 de comp\u00e9tence communicative de l\u2019italien comme langue \u00e9trang\u00e8re. Ils sont destin\u00e9s aux citoyens \u00e9trangers, aux citoyens italiens r\u00e9sidants \u00e0 l\u2019\u00e9tranger (descendants d\u2019\u00e9migr\u00e9s italiens) et aux \u00e9migr\u00e9s \u00e9trangers r\u00e9sidants en Italie.<br \/>\nPour soutenir les \u00e9preuves il n\u2019est pas n\u00e9cessaire de poss\u00e9der un dipl\u00f4me sp\u00e9cifique.<br \/>\nAfin que les Instituts Culturels Italiens puissent organiser les examens, le Minist\u00e8re des Affaires Etrang\u00e8res italien a sign\u00e9 des conventions avec les institutions suivantes:<br \/>\nUniversit\u00e0 per Stranieri di Perugia (CELI \u2013 CIC )-\u00a0<a href=\"http:\/\/www.cvcl.it\/home.aspx\">http:\/\/www.cvcl.it\/home.aspx<\/a><br \/>\nUniversit\u00e0 per Stranieri di Siena (CILS) \u2013\u00a0<a href=\"http:\/\/www.unistrasi.it\/\">http:\/\/www.unistrasi.it\/<\/a><br \/>\nUniversit\u00e0 degli Studi Roma Tre (IT \u2013 ele.IT) \u2013\u00a0<a href=\"http:\/\/host.uniroma3.it\/\">http:\/\/host.uniroma3.it\/<\/a><br \/>\nSociet\u00e0 Dante Alighieri (PLIDA) \u2013\u00a0<a href=\"http:\/\/ladante.it\/\">http:\/\/ladante.it\/<\/a><br \/>\nCertification de l\u2019italien comme langue \u00e9trang\u00e8re \u00e0 l\u2019Institut Culturel Italien d\u2019Alger<br \/>\nIl est possible de soutenir, une fois par an, aupr\u00e8s de l\u2019Institut Culturel Italien d\u2019Alger, les \u00e9preuves IT et ele.IT pour la certification de la langue italienne de l\u2019Universit\u00e9 Roma Tre.<br \/>\nA partir du 2011, il est possible de soutenir aussi, deux fois par an, l\u2019\u00e9preuve CILS pour la certification de la langue italienne de l\u2019Universit\u00e0 per Stranieri di Siena.<\/p>\n<\/div>\n<\/article>\n<\/div>\n<aside id=\"secondary\" class=\"widget-area col-lg-4 ps-3 d-none d-lg-block d-xl-block affix-parent\">\n<div class=\"sidebar-wrapper affix-top side-affix\">\n<section id=\"iwy_widget_walker-2\" class=\"widget widget_iwy_widget_walker\">\n<div class=\"sidebar-linklist-wrapper side-scrool\">\n<div class=\"link-list-wrapper\">\n<p>&nbsp;<\/p>\n<\/div>\n<\/div>\n<\/section>\n<\/div>\n<\/aside>\n","protected":false},"excerpt":{"rendered":"\u2022 La Certification de l\u2019italien comme Langue Etrang\u00e8re (CILS): Les Certificats d\u2019italien sont des dipl\u00f4mes qui attestent du degr\u00e9 de comp\u00e9tence communicative de l\u2019italien comme langue \u00e9trang\u00e8re. Ils sont destin\u00e9s aux citoyens \u00e9trangers, aux citoyens italiens r\u00e9sidants \u00e0 l\u2019\u00e9tranger (descendants d\u2019\u00e9migr\u00e9s italiens) et aux \u00e9migr\u00e9s \u00e9trangers r\u00e9sidants en Italie. Pour soutenir les \u00e9preuves il n\u2019est [&hellip;]","protected":false},"author":1,"featured_media":0,"parent":155,"menu_order":0,"comment_status":"closed","ping_status":"closed","template":"","meta":{"footnotes":""},"class_list":["post-156","page","type-page","status-publish","hentry"],"_links":{"self":[{"href":"https:\/\/ambouagadougou.esteri.it\/fr\/wp-json\/wp\/v2\/pages\/156","targetHints":{"allow":["GET"]}}],"collection":[{"href":"https:\/\/ambouagadougou.esteri.it\/fr\/wp-json\/wp\/v2\/pages"}],"about":[{"href":"https:\/\/ambouagadougou.esteri.it\/fr\/wp-json\/wp\/v2\/types\/page"}],"author":[{"embeddable":true,"href":"https:\/\/ambouagadougou.esteri.it\/fr\/wp-json\/wp\/v2\/users\/1"}],"replies":[{"embeddable":true,"href":"https:\/\/ambouagadougou.esteri.it\/fr\/wp-json\/wp\/v2\/comments?post=156"}],"version-history":[{"count":4,"href":"https:\/\/ambouagadougou.esteri.it\/fr\/wp-json\/wp\/v2\/pages\/156\/revisions"}],"predecessor-version":[{"id":1001,"href":"https:\/\/ambouagadougou.esteri.it\/fr\/wp-json\/wp\/v2\/pages\/156\/revisions\/1001"}],"up":[{"embeddable":true,"href":"https:\/\/ambouagadougou.esteri.it\/fr\/wp-json\/wp\/v2\/pages\/155"}],"wp:attachment":[{"href":"https:\/\/ambouagadougou.esteri.it\/fr\/wp-json\/wp\/v2\/media?parent=156"}],"curies":[{"name":"wp","href":"https:\/\/api.w.org\/{rel}","templated":true}]}}