{"id":161,"date":"2023-04-11T18:11:52","date_gmt":"2023-04-11T18:11:52","guid":{"rendered":"https:\/\/ambouagadougou.esteri.it\/italia-e-repubblica-ceca\/cooperazione-allo-sviluppo\/"},"modified":"2024-02-13T13:12:06","modified_gmt":"2024-02-13T13:12:06","slug":"cooperazione-allo-sviluppo","status":"publish","type":"page","link":"https:\/\/ambouagadougou.esteri.it\/fr\/italia-e-burkina-faso\/cooperazione-allo-sviluppo\/","title":{"rendered":"Coop\u00e9ration au d\u00e9veloppement"},"content":{"rendered":"<p style=\"text-align: justify;\">La coop\u00e9ration italienne g\u00e8re des initiatives au Burkina Faso, \u00e0 travers le bureau local de l&rsquo;AICS, pour une valeur totale d&rsquo;environ 45 millions d&rsquo;euros.<\/p>\n<p style=\"text-align: justify;\">Les domaines d&rsquo;intervention sont le d\u00e9veloppement rural, la s\u00e9curit\u00e9 alimentaire, la lutte contre la malnutrition chronique et la cr\u00e9ation d&#8217;emplois.<\/p>\n<p style=\"text-align: justify;\">Une partie importante des fonds est destin\u00e9e \u00e0 des interventions humanitaires d&rsquo;urgence men\u00e9es par des agences sp\u00e9cialis\u00e9es des Nations unies et des OSC italiennes dans les zones les plus touch\u00e9es par les attaques arm\u00e9es et les mouvements de personnes d\u00e9plac\u00e9es.<\/p>\n<p style=\"text-align: justify;\">Une vingtaine d&rsquo;ONG et d&rsquo;OSC italiennes op\u00e8rent au Burkina Faso.<\/p>\n<p style=\"text-align: justify;\">Pour plus d&rsquo;informations, veuillez consulter le site web du si\u00e8ge de l&rsquo;AICS (Agence Italienne de Coop\u00e9ration au D\u00e9veloppement) \u00e0 Ouagadougou. https:\/\/ouagadougou.aics.gov.it\/fr\/<\/p>\n","protected":false},"excerpt":{"rendered":"La coop\u00e9ration italienne g\u00e8re des initiatives au Burkina Faso, \u00e0 travers le bureau local de l&rsquo;AICS, pour une valeur totale d&rsquo;environ 45 millions d&rsquo;euros. Les domaines d&rsquo;intervention sont le d\u00e9veloppement rural, la s\u00e9curit\u00e9 alimentaire, la lutte contre la malnutrition chronique et la cr\u00e9ation d&#8217;emplois. Une partie importante des fonds est destin\u00e9e \u00e0 des interventions humanitaires [&hellip;]","protected":false},"author":1,"featured_media":0,"parent":141,"menu_order":6,"comment_status":"closed","ping_status":"closed","template":"","meta":{"footnotes":""},"class_list":["post-161","page","type-page","status-publish","hentry"],"_links":{"self":[{"href":"https:\/\/ambouagadougou.esteri.it\/fr\/wp-json\/wp\/v2\/pages\/161","targetHints":{"allow":["GET"]}}],"collection":[{"href":"https:\/\/ambouagadougou.esteri.it\/fr\/wp-json\/wp\/v2\/pages"}],"about":[{"href":"https:\/\/ambouagadougou.esteri.it\/fr\/wp-json\/wp\/v2\/types\/page"}],"author":[{"embeddable":true,"href":"https:\/\/ambouagadougou.esteri.it\/fr\/wp-json\/wp\/v2\/users\/1"}],"replies":[{"embeddable":true,"href":"https:\/\/ambouagadougou.esteri.it\/fr\/wp-json\/wp\/v2\/comments?post=161"}],"version-history":[{"count":3,"href":"https:\/\/ambouagadougou.esteri.it\/fr\/wp-json\/wp\/v2\/pages\/161\/revisions"}],"predecessor-version":[{"id":567,"href":"https:\/\/ambouagadougou.esteri.it\/fr\/wp-json\/wp\/v2\/pages\/161\/revisions\/567"}],"up":[{"embeddable":true,"href":"https:\/\/ambouagadougou.esteri.it\/fr\/wp-json\/wp\/v2\/pages\/141"}],"wp:attachment":[{"href":"https:\/\/ambouagadougou.esteri.it\/fr\/wp-json\/wp\/v2\/media?parent=161"}],"curies":[{"name":"wp","href":"https:\/\/api.w.org\/{rel}","templated":true}]}}