{"id":167,"date":"2023-04-11T18:23:52","date_gmt":"2023-04-11T18:23:52","guid":{"rendered":"https:\/\/ambouagadougou.esteri.it\/italia-e-burkina-faso\/diplomazia-economica\/fare-affari-in-burkina-faso\/"},"modified":"2025-07-22T12:38:57","modified_gmt":"2025-07-22T12:38:57","slug":"fare-affari-in-burkina-faso","status":"publish","type":"page","link":"https:\/\/ambouagadougou.esteri.it\/fr\/italia-e-burkina-faso\/diplomazia-economica\/fare-affari-in-burkina-faso\/","title":{"rendered":"Entreprendre au Burkina Faso"},"content":{"rendered":"<p>Le Burkina Faso a une superficie de 274 200 km\u00b2 et une population estim\u00e9e \u00e0 23,4 millions d&rsquo;habitants en 2024 (Institut national de la statistique du Burkina Faso). Selon une note de la Banque mondiale dat\u00e9e du 10 juillet 2025, le pays conna\u00eet une croissance de 4,9 % en 2024, contre 3 % en 2023[1]. Le PIB par habitant a progress\u00e9 de 0,7 % \u00e0 2,5 % au cours de la m\u00eame p\u00e9riode.<\/p>\n<p>L&rsquo;Agence Burkinab\u00e9 des Investissements[2] pr\u00e9cise que les secteurs prioritaires sont : l&rsquo;agriculture, l&rsquo;\u00e9levage, le tourisme, l&rsquo;\u00e9nergie, le secteur minier, l&rsquo;industrie, la sant\u00e9 et les t\u00e9l\u00e9communications. L&rsquo;Agence ICE, dont le si\u00e8ge est \u00e0 Accra, est la porte d&rsquo;entr\u00e9e privil\u00e9gi\u00e9e pour les investisseurs car elle fournit des informations sur les incitations fiscales r\u00e9serv\u00e9es aux promoteurs qui investissent au Burkina Faso.<\/p>\n<p>La Chambre de Commerce et d&rsquo;Industrie du Burkina Faso[3] permet l&rsquo;enregistrement sur place des entreprises \u00e9trang\u00e8res qui peuvent op\u00e9rer librement et sans aucune contrainte sur place.<\/p>\n<p>L&rsquo;antenne locale de l&rsquo;ICE (dont les bureaux se trouvent dans les locaux de l&rsquo;ambassade) fait partie du r\u00e9seau local constitu\u00e9 par le minist\u00e8re du Commerce et de l&rsquo;Industrie pour la promotion et l&rsquo;attraction des investissements au Burkina Faso et peut aider les entrepreneurs italiens \u00e0 accomplir toutes les formalit\u00e9s requises pour leur activit\u00e9.<\/p>\n<p>&nbsp;<\/p>\n<p><a href=\"#_ftnref1\" name=\"_ftn1\">[1]<\/a> https:\/\/www.banquemondiale.org\/fr\/news\/press-release\/2025\/07\/10\/burkina-faso-economic-update-energy-for-economic-growth#:~:text=OUAGADOUGOU%2C%2010%20juillet%202025%20%E2%80%93%20Selon,5%20%25%20sur%20la%20m%C3%AAme%20p%C3%A9riode.<\/p>\n<p><a href=\"#_ftnref2\" name=\"_ftn2\">[2]<\/a> https:\/\/www.investburkina.com\/<\/p>\n<p><a href=\"#_ftnref3\" name=\"_ftn3\">[3]<\/a> https:\/\/www.cci.bf\/<\/p>\n","protected":false},"excerpt":{"rendered":"Le Burkina Faso a une superficie de 274 200 km\u00b2 et une population estim\u00e9e \u00e0 23,4 millions d&rsquo;habitants en 2024 (Institut national de la statistique du Burkina Faso). Selon une note de la Banque mondiale dat\u00e9e du 10 juillet 2025, le pays conna\u00eet une croissance de 4,9 % en 2024, contre 3 % en 2023[1]. [&hellip;]","protected":false},"author":1,"featured_media":0,"parent":142,"menu_order":0,"comment_status":"closed","ping_status":"closed","template":"","meta":{"footnotes":""},"class_list":["post-167","page","type-page","status-publish","hentry"],"_links":{"self":[{"href":"https:\/\/ambouagadougou.esteri.it\/fr\/wp-json\/wp\/v2\/pages\/167","targetHints":{"allow":["GET"]}}],"collection":[{"href":"https:\/\/ambouagadougou.esteri.it\/fr\/wp-json\/wp\/v2\/pages"}],"about":[{"href":"https:\/\/ambouagadougou.esteri.it\/fr\/wp-json\/wp\/v2\/types\/page"}],"author":[{"embeddable":true,"href":"https:\/\/ambouagadougou.esteri.it\/fr\/wp-json\/wp\/v2\/users\/1"}],"replies":[{"embeddable":true,"href":"https:\/\/ambouagadougou.esteri.it\/fr\/wp-json\/wp\/v2\/comments?post=167"}],"version-history":[{"count":4,"href":"https:\/\/ambouagadougou.esteri.it\/fr\/wp-json\/wp\/v2\/pages\/167\/revisions"}],"predecessor-version":[{"id":1022,"href":"https:\/\/ambouagadougou.esteri.it\/fr\/wp-json\/wp\/v2\/pages\/167\/revisions\/1022"}],"up":[{"embeddable":true,"href":"https:\/\/ambouagadougou.esteri.it\/fr\/wp-json\/wp\/v2\/pages\/142"}],"wp:attachment":[{"href":"https:\/\/ambouagadougou.esteri.it\/fr\/wp-json\/wp\/v2\/media?parent=167"}],"curies":[{"name":"wp","href":"https:\/\/api.w.org\/{rel}","templated":true}]}}