{"id":13,"date":"2023-04-11T17:07:36","date_gmt":"2023-04-11T15:07:36","guid":{"rendered":"https:\/\/ambasciatapraga.esteri.it\/?page_id=13"},"modified":"2026-03-06T11:26:56","modified_gmt":"2026-03-06T11:26:56","slug":"chi-siamo","status":"publish","type":"page","link":"https:\/\/ambouagadougou.esteri.it\/it\/chi-siamo\/","title":{"rendered":"Chi siamo"},"content":{"rendered":"<p>&nbsp;<\/p>\n<p>&nbsp;<\/p>\n<p>&nbsp;<\/p>\n<p>&nbsp;<\/p>\n<p>AMBASCIATA D&#8217;ITALIA A OUAGADOUGOU<\/p>\n<p>01 BP: 675 Ouagadougou 01<br \/>\nOuaga 2000, Secteur 52, Porte 50, Rue 15.610<br \/>\nArrondissement n\u00b012<\/p>\n<p>Tel. 00226 25 37 65 90<\/p>\n<p><a href=\"mailto:amb.ouagadougou@esteri.it\">ambasciata.ouagadougou@esteri.it<\/a><\/p>\n<p>Posta certificata (PEC) :\u00a0<a href=\"mailto:amb.ouagadougou@cert.esteri.it\">amb.ouagadougou@cert.esteri.it<\/a><\/p>\n<p>Orario di apertura: dal luned\u00ec al giovedi\u00ec, dalle ore 08:00 alle ore 17:00;<\/p>\n<p>il venerdi dalle ore 08.00 alle 14.00<\/p>\n<p>&nbsp;<\/p>\n<p>NUMERO DI EMERGENZA<\/p>\n<p>Al di fuori dell\u2019orario di apertura dell&#8217;Ambasciata e solamente in caso di emergenza, si segnala che \u00e8 operativo un numero di emergenza ad esclusivo uso dei connazionali in difficolt\u00e0:<\/p>\n<p><strong>00226 65 67 43 43<\/strong><\/p>\n<p>&nbsp;<\/p>\n<p>CANCELLERIA CONSOLARE \/ SEZIONE VISTI<\/p>\n<p><span style=\"text-decoration: underline;\"><strong>L&#8217;Ambasciata d&#8217;Italia a Ouagadougou non dispone n\u00e9 della cancelleria consolare n\u00e9 della sezione visti. Le relative funzioni sono curate dall&#8217;Ambasciata d&#8217;Italia a Abidjan che si avvale a Ouagadougou di un Consolato onorario.<\/strong><\/span><\/p>\n<p>&nbsp;<\/p>\n<p>AMBASCIATA D&#8217;ITALIA A ABIDJAN<\/p>\n<p>Tel. 00225 27 22 44 61 70\u00a0 centralino<\/p>\n<p><a href=\"mailto:ambasciata.abidjan@esteri.it\">ambasciata.abidjan@esteri.it<\/a><\/p>\n<p>&nbsp;<\/p>\n<p>CONSOLATO ONORARIO A OUAGADOUGOU<\/p>\n<p>01 BP 4436 Ouagadougou 01 Burkina Faso<\/p>\n<p>T\u00e9l: 25 48 35 53<\/p>\n<p><a href=\"mailto:consulat.italie@fasonet.bf\">consulat.italie@fasonet.bf<\/a><\/p>\n<p>&nbsp;<\/p>\n<p>&nbsp;<\/p>\n<p><em><strong>FESTIVITA&#8217; OSSERVATE DALL&#8217;AMBASCIATA NEL 2025<\/strong><\/em><\/p>\n<p>01 gennaio CAPODANNO<\/p>\n<p>06 gennaio FESTA DELL&#8217;EPIFANIA<\/p>\n<p>31 marzo* FESTA DEL RAMADAN<\/p>\n<p>21 aprile LUNEDI DELL&#8217;ANGELO<\/p>\n<p>25 aprile FESTA DELLA LIBERAZIONE<\/p>\n<p>01 maggio FESTA DEL LAVORO<\/p>\n<p>02 giugno FESTA DELLA REPUBBLICA ITALIANA<\/p>\n<p>06 giugno <strong>*<\/strong> AID AL ADHA<\/p>\n<p>11 dicembre FESTA NAZIONALE BURKINA FASO<\/p>\n<p>25 dicembre NATALE<\/p>\n<p>26 dicembre SANTO STEFANO<\/p>\n<p><strong>*<\/strong> <em>La data dovr\u00e0 essere confermata dalle Autorit\u00e0 locali nei giorni immediatamenti prcedenti la festivit\u00e0.<\/em><\/p>\n<p>&nbsp;<\/p>\n<p>&nbsp;<\/p>\n<p>&nbsp;<\/p>\n<p>&nbsp;<\/p>\n<p>&nbsp;<\/p>\n","protected":false},"excerpt":{"rendered":"&nbsp; &nbsp; &nbsp; &nbsp; AMBASCIATA D&#8217;ITALIA A OUAGADOUGOU 01 BP: 675 Ouagadougou 01 Ouaga 2000, Secteur 52, Porte 50, Rue 15.610 Arrondissement n\u00b012 Tel. 00226 25 37 65 90 ambasciata.ouagadougou@esteri.it Posta certificata (PEC) :\u00a0amb.ouagadougou@cert.esteri.it Orario di apertura: dal luned\u00ec al giovedi\u00ec, dalle ore 08:00 alle ore 17:00; il venerdi dalle ore 08.00 alle 14.00 &nbsp; [&hellip;]","protected":false},"author":1,"featured_media":0,"parent":0,"menu_order":2,"comment_status":"closed","ping_status":"closed","template":"","meta":{"footnotes":""},"class_list":["post-13","page","type-page","status-publish","hentry"],"_links":{"self":[{"href":"https:\/\/ambouagadougou.esteri.it\/it\/wp-json\/wp\/v2\/pages\/13","targetHints":{"allow":["GET"]}}],"collection":[{"href":"https:\/\/ambouagadougou.esteri.it\/it\/wp-json\/wp\/v2\/pages"}],"about":[{"href":"https:\/\/ambouagadougou.esteri.it\/it\/wp-json\/wp\/v2\/types\/page"}],"author":[{"embeddable":true,"href":"https:\/\/ambouagadougou.esteri.it\/it\/wp-json\/wp\/v2\/users\/1"}],"replies":[{"embeddable":true,"href":"https:\/\/ambouagadougou.esteri.it\/it\/wp-json\/wp\/v2\/comments?post=13"}],"version-history":[{"count":7,"href":"https:\/\/ambouagadougou.esteri.it\/it\/wp-json\/wp\/v2\/pages\/13\/revisions"}],"predecessor-version":[{"id":1254,"href":"https:\/\/ambouagadougou.esteri.it\/it\/wp-json\/wp\/v2\/pages\/13\/revisions\/1254"}],"wp:attachment":[{"href":"https:\/\/ambouagadougou.esteri.it\/it\/wp-json\/wp\/v2\/media?parent=13"}],"curies":[{"name":"wp","href":"https:\/\/api.w.org\/{rel}","templated":true}]}}