{"id":14,"date":"2023-04-11T17:08:52","date_gmt":"2023-04-11T15:08:52","guid":{"rendered":"https:\/\/ambasciatapraga.esteri.it\/?page_id=14"},"modified":"2023-12-01T12:14:10","modified_gmt":"2023-12-01T12:14:10","slug":"italia-e-burkina-faso","status":"publish","type":"page","link":"https:\/\/ambouagadougou.esteri.it\/it\/italia-e-burkina-faso\/","title":{"rendered":"Italia e Burkina Faso"},"content":{"rendered":"<div class=\"entry-content\">\n<p>Il nostro Paese ha forti legami con il Burkina Faso. La presenza italiana \u00e8 antica ed \u00e8 soprattutto basata sulla cooperazione allo sviluppo attraverso tutte le sue sfaccettature: ONG, religiosi, enti territoriali, OSC.<\/p>\n<p>La cooperazione italiana gestisce in Burkina Faso, attraverso il locale Ufficio dell\u2019AICS\u00a0iniziative per un valore complessivo di circa 45 milioni di euro.<\/p>\n<p>I settori d\u2019intervento sono lo sviluppo rurale, la sicurezza alimentare, la lotta alla malnutrizione cronica e la creazione d\u2019impiego.<\/p>\n<p>Una fetta importante dei fondi (circa il 14%) \u00e8 destinata agli interventi umanitari di emergenza realizzati dalle agenzie delle Nazioni Unite e dalle OSC italiane nelle aree pi\u00f9 colpite da attacchi armati e movimenti di sfollati.<\/p>\n<p>In Burkina Faso operano una ventina di ONG e OSC italiane.<\/p>\n<p>In Italia vivono e lavorano circa 15mila burkinab\u00e8: una\u00a0 comunit\u00e0 integrata nel nostro tessuto socio-economico e nota per la sua laboriosit\u00e0 e seriet\u00e0. Le loro rimesse giocano un ruolo importantissimo per l\u2019economia del Paese.<\/p>\n<p>I rapporti tra Italia e Burkina Faso sono ottimi. L\u2019Italia e gli italiani godono in Burkina Faso di un\u2019eccellente immagine sia a livello culturale che commerciale.<\/p>\n<\/div>\n<p><!--more--><\/p>\n<p><!--more--><\/p>\n<p><!--more--><\/p>\n<p><!--more--><\/p>\n<p><!--more--><\/p>\n<p><!--more--><\/p>\n<p><!--more--><\/p>\n<p><!--more--><\/p>\n<p><!--more--><\/p>\n","protected":false},"excerpt":{"rendered":"Il nostro Paese ha forti legami con il Burkina Faso. La presenza italiana \u00e8 antica ed \u00e8 soprattutto basata sulla cooperazione allo sviluppo attraverso tutte le sue sfaccettature: ONG, religiosi, enti territoriali, OSC. La cooperazione italiana gestisce in Burkina Faso, attraverso il locale Ufficio dell\u2019AICS\u00a0iniziative per un valore complessivo di circa 45 milioni di euro. [&hellip;]","protected":false},"author":1,"featured_media":0,"parent":0,"menu_order":4,"comment_status":"closed","ping_status":"closed","template":"","meta":{"footnotes":""},"class_list":["post-14","page","type-page","status-publish","hentry"],"_links":{"self":[{"href":"https:\/\/ambouagadougou.esteri.it\/it\/wp-json\/wp\/v2\/pages\/14","targetHints":{"allow":["GET"]}}],"collection":[{"href":"https:\/\/ambouagadougou.esteri.it\/it\/wp-json\/wp\/v2\/pages"}],"about":[{"href":"https:\/\/ambouagadougou.esteri.it\/it\/wp-json\/wp\/v2\/types\/page"}],"author":[{"embeddable":true,"href":"https:\/\/ambouagadougou.esteri.it\/it\/wp-json\/wp\/v2\/users\/1"}],"replies":[{"embeddable":true,"href":"https:\/\/ambouagadougou.esteri.it\/it\/wp-json\/wp\/v2\/comments?post=14"}],"version-history":[{"count":6,"href":"https:\/\/ambouagadougou.esteri.it\/it\/wp-json\/wp\/v2\/pages\/14\/revisions"}],"predecessor-version":[{"id":436,"href":"https:\/\/ambouagadougou.esteri.it\/it\/wp-json\/wp\/v2\/pages\/14\/revisions\/436"}],"wp:attachment":[{"href":"https:\/\/ambouagadougou.esteri.it\/it\/wp-json\/wp\/v2\/media?parent=14"}],"curies":[{"name":"wp","href":"https:\/\/api.w.org\/{rel}","templated":true}]}}