{"id":200,"date":"2023-07-13T13:22:33","date_gmt":"2023-07-13T13:22:33","guid":{"rendered":"https:\/\/ambouagadougou.esteri.it\/?page_id=200"},"modified":"2025-07-23T13:18:50","modified_gmt":"2025-07-23T13:18:50","slug":"bandi-di-gara-e-contratti","status":"publish","type":"page","link":"https:\/\/ambouagadougou.esteri.it\/it\/amministrazione-trasparente\/bandi-di-gara-e-contratti\/","title":{"rendered":"Bandi di gara e contratti"},"content":{"rendered":"<p><strong>2024<\/strong><\/p>\n<p>Nessun bando di gara \u00e8 stato pubblicato nel corso del 2024.<\/p>\n<p><strong>2023\u00a0<\/strong><\/p>\n<p>Nessun bando di gara \u00e8 stato pubblicato nel corso del 2024.<\/p>\n<p><strong>2022<\/strong><\/p>\n<p>Nessun bando di gara \u00e8 stato pubblicato nel corso del 2024.<\/p>\n<p><strong>2021<\/strong><\/p>\n<p>Nessun bando di gara \u00e8 stato pubblicato nel corso del 2024.<\/p>\n<p><strong>2020<\/strong><\/p>\n<p>Nessun bando di gara \u00e8 stato pubblicato nel corso del 2024.<\/p>\n<p>&nbsp;<\/p>\n<p>&nbsp;<\/p>\n<p>(30\/05\/2025)<\/p>\n<p>&nbsp;<\/p>\n","protected":false},"excerpt":{"rendered":"2024 Nessun bando di gara \u00e8 stato pubblicato nel corso del 2024. 2023\u00a0 Nessun bando di gara \u00e8 stato pubblicato nel corso del 2024. 2022 Nessun bando di gara \u00e8 stato pubblicato nel corso del 2024. 2021 Nessun bando di gara \u00e8 stato pubblicato nel corso del 2024. 2020 Nessun bando di gara \u00e8 stato [&hellip;]","protected":false},"author":1,"featured_media":0,"parent":35,"menu_order":8,"comment_status":"closed","ping_status":"closed","template":"","meta":{"footnotes":""},"class_list":["post-200","page","type-page","status-publish","hentry"],"_links":{"self":[{"href":"https:\/\/ambouagadougou.esteri.it\/it\/wp-json\/wp\/v2\/pages\/200","targetHints":{"allow":["GET"]}}],"collection":[{"href":"https:\/\/ambouagadougou.esteri.it\/it\/wp-json\/wp\/v2\/pages"}],"about":[{"href":"https:\/\/ambouagadougou.esteri.it\/it\/wp-json\/wp\/v2\/types\/page"}],"author":[{"embeddable":true,"href":"https:\/\/ambouagadougou.esteri.it\/it\/wp-json\/wp\/v2\/users\/1"}],"replies":[{"embeddable":true,"href":"https:\/\/ambouagadougou.esteri.it\/it\/wp-json\/wp\/v2\/comments?post=200"}],"version-history":[{"count":4,"href":"https:\/\/ambouagadougou.esteri.it\/it\/wp-json\/wp\/v2\/pages\/200\/revisions"}],"predecessor-version":[{"id":1075,"href":"https:\/\/ambouagadougou.esteri.it\/it\/wp-json\/wp\/v2\/pages\/200\/revisions\/1075"}],"up":[{"embeddable":true,"href":"https:\/\/ambouagadougou.esteri.it\/it\/wp-json\/wp\/v2\/pages\/35"}],"wp:attachment":[{"href":"https:\/\/ambouagadougou.esteri.it\/it\/wp-json\/wp\/v2\/media?parent=200"}],"curies":[{"name":"wp","href":"https:\/\/api.w.org\/{rel}","templated":true}]}}