{"id":43,"date":"2023-04-11T18:10:30","date_gmt":"2023-04-11T16:10:30","guid":{"rendered":"https:\/\/ambasciatapraga.esteri.it\/?page_id=43"},"modified":"2023-12-13T12:10:21","modified_gmt":"2023-12-13T12:10:21","slug":"diplomazia-economica","status":"publish","type":"page","link":"https:\/\/ambouagadougou.esteri.it\/it\/italia-e-burkina-faso\/diplomazia-economica\/","title":{"rendered":"Diplomazia economica"},"content":{"rendered":"<p style=\"text-align: justify;\">Il nostro Paese ha forti legami con il Burkina Faso. La presenza italiana \u00e8 antica ed \u00e8 soprattutto basata sulla cooperazione allo sviluppo ma l\u2019Italia e gli italiani godono in Burkina Faso di un\u2019eccellente immagine anche a livello commerciale.<\/p>\n<p style=\"text-align: justify;\">L\u2019Italia esporta in Burkina Faso prodotti farmaceutici, macchine utensili, componenti elettronici ed abbigliamento, mentre importa quasi esclusivamente (95% del totale) minerali prezioni ed altri metalli. L\u2019interscambio commerciale negli ultimi anni ha costantemente registrato un saldo attivo a nostro favore.<\/p>\n<p style=\"text-align: justify;\">Per quanto concerne la presenza di imprese italiane, i loro settori principali di attivit\u00e0 sono: commercio, trasporti&amp;logistica, ristorazione, assistenza tecnica.<\/p>\n<p style=\"text-align: justify;\">Obiettivo dell\u2019Ambasciata \u00e9 intensificare la promozione commerciale, ampliando la presenza degli operatori italiani, favorendo l\u2019interscambio ed assistendo le aziende italiane che manifestino interesse per le potenzialit\u00e0 offerte dal mercato burkinab\u00e9. Tale attivit\u00e0 viene svolta anche con il sostegno dello sportello ICE (Istituto per il Commercio Estero) costituito presso l\u2019Ambasciata (ma dipendente dall&#8217;Agenzia ICE di Accra).\u00a0 \u00a0 \u00a0 <a href=\"https:\/\/www.ice.it\/it\/mercati\/ghana\/accra#\">https:\/\/www.ice.it\/it\/mercati\/ghana\/accra#<\/a> <!--more--><\/p>\n","protected":false},"excerpt":{"rendered":"Il nostro Paese ha forti legami con il Burkina Faso. La presenza italiana \u00e8 antica ed \u00e8 soprattutto basata sulla cooperazione allo sviluppo ma l\u2019Italia e gli italiani godono in Burkina Faso di un\u2019eccellente immagine anche a livello commerciale. L\u2019Italia esporta in Burkina Faso prodotti farmaceutici, macchine utensili, componenti elettronici ed abbigliamento, mentre importa quasi [&hellip;]","protected":false},"author":1,"featured_media":0,"parent":14,"menu_order":0,"comment_status":"closed","ping_status":"closed","template":"","meta":{"footnotes":""},"class_list":["post-43","page","type-page","status-publish","hentry"],"_links":{"self":[{"href":"https:\/\/ambouagadougou.esteri.it\/it\/wp-json\/wp\/v2\/pages\/43","targetHints":{"allow":["GET"]}}],"collection":[{"href":"https:\/\/ambouagadougou.esteri.it\/it\/wp-json\/wp\/v2\/pages"}],"about":[{"href":"https:\/\/ambouagadougou.esteri.it\/it\/wp-json\/wp\/v2\/types\/page"}],"author":[{"embeddable":true,"href":"https:\/\/ambouagadougou.esteri.it\/it\/wp-json\/wp\/v2\/users\/1"}],"replies":[{"embeddable":true,"href":"https:\/\/ambouagadougou.esteri.it\/it\/wp-json\/wp\/v2\/comments?post=43"}],"version-history":[{"count":3,"href":"https:\/\/ambouagadougou.esteri.it\/it\/wp-json\/wp\/v2\/pages\/43\/revisions"}],"predecessor-version":[{"id":455,"href":"https:\/\/ambouagadougou.esteri.it\/it\/wp-json\/wp\/v2\/pages\/43\/revisions\/455"}],"up":[{"embeddable":true,"href":"https:\/\/ambouagadougou.esteri.it\/it\/wp-json\/wp\/v2\/pages\/14"}],"wp:attachment":[{"href":"https:\/\/ambouagadougou.esteri.it\/it\/wp-json\/wp\/v2\/media?parent=43"}],"curies":[{"name":"wp","href":"https:\/\/api.w.org\/{rel}","templated":true}]}}