{"id":44,"date":"2023-04-11T18:10:45","date_gmt":"2023-04-11T16:10:45","guid":{"rendered":"https:\/\/ambasciatapraga.esteri.it\/?page_id=44"},"modified":"2023-11-29T13:42:52","modified_gmt":"2023-11-29T13:42:52","slug":"diplomazia-culturale","status":"publish","type":"page","link":"https:\/\/ambouagadougou.esteri.it\/it\/italia-e-burkina-faso\/diplomazia-culturale\/","title":{"rendered":"Diplomazia culturale"},"content":{"rendered":"<p>In assenza di un Istituto di Cultura, tutte le attivit\u00e0 istituzionali volte alla diffusione ed alla promozione della lingua e della cultura italiane sono realizzate in Burkina Faso dall\u2019Ambasciata e si concretizzano in concerti musicali, festival cinematografici, conferenze, mostre, eventi enogastronomici, iniziative speciali dedicate a celebrare ricorrenze particolari (ad esempio, anniversari della nascita o della scomparsa di grandi personaggi della cultura italiana), ecc.<\/p>\n<p>Molti di tali eventi sono inquadrati nell\u2019ambito del \u201cProgramma di Promozione culturale integrata\u201d promosso dal Ministero degli Affari Esteri e della Cooperazione Internazionale italiano che prevede una loro definita calendarizzazione, tra cui le Settimane, rispettivamente, del Cinema (a maggio), della Lingua Italiana (ad ottobre), della Cucina (a novembre) ed altre.<\/p>\n<p>L\u2019attivit\u00e0 culturale e promozionale dell\u2019Ambasciata \u00e8 destinata ad un ampio ed eterogeneo pubblico composto da cittadini burkinab\u00e9, funzionari del Governo ospitante, diplomatici di vari Paesi, studenti, esponenti della societ\u00e0 civile locale e della collettivit\u00e0 italiana qui residente e da ammiratori dell&#8217;Italia e della sua cultura.<\/p>\n<p>Questo sito contiene informazioni aggiornate sulle varie iniziative gi\u00e0 realizzate e da realizzare.<\/p>\n<p>&nbsp;<\/p>\n","protected":false},"excerpt":{"rendered":"In assenza di un Istituto di Cultura, tutte le attivit\u00e0 istituzionali volte alla diffusione ed alla promozione della lingua e della cultura italiane sono realizzate in Burkina Faso dall\u2019Ambasciata e si concretizzano in concerti musicali, festival cinematografici, conferenze, mostre, eventi enogastronomici, iniziative speciali dedicate a celebrare ricorrenze particolari (ad esempio, anniversari della nascita o della [&hellip;]","protected":false},"author":1,"featured_media":0,"parent":14,"menu_order":2,"comment_status":"closed","ping_status":"closed","template":"","meta":{"footnotes":""},"class_list":["post-44","page","type-page","status-publish","hentry"],"_links":{"self":[{"href":"https:\/\/ambouagadougou.esteri.it\/it\/wp-json\/wp\/v2\/pages\/44","targetHints":{"allow":["GET"]}}],"collection":[{"href":"https:\/\/ambouagadougou.esteri.it\/it\/wp-json\/wp\/v2\/pages"}],"about":[{"href":"https:\/\/ambouagadougou.esteri.it\/it\/wp-json\/wp\/v2\/types\/page"}],"author":[{"embeddable":true,"href":"https:\/\/ambouagadougou.esteri.it\/it\/wp-json\/wp\/v2\/users\/1"}],"replies":[{"embeddable":true,"href":"https:\/\/ambouagadougou.esteri.it\/it\/wp-json\/wp\/v2\/comments?post=44"}],"version-history":[{"count":2,"href":"https:\/\/ambouagadougou.esteri.it\/it\/wp-json\/wp\/v2\/pages\/44\/revisions"}],"predecessor-version":[{"id":398,"href":"https:\/\/ambouagadougou.esteri.it\/it\/wp-json\/wp\/v2\/pages\/44\/revisions\/398"}],"up":[{"embeddable":true,"href":"https:\/\/ambouagadougou.esteri.it\/it\/wp-json\/wp\/v2\/pages\/14"}],"wp:attachment":[{"href":"https:\/\/ambouagadougou.esteri.it\/it\/wp-json\/wp\/v2\/media?parent=44"}],"curies":[{"name":"wp","href":"https:\/\/api.w.org\/{rel}","templated":true}]}}